{"id":846,"date":"2025-12-01T12:23:32","date_gmt":"2025-12-01T11:23:32","guid":{"rendered":"https:\/\/Walking.tv-badbergzabern.de\/?page_id=846"},"modified":"2025-12-16T07:43:30","modified_gmt":"2025-12-16T06:43:30","slug":"walking-home","status":"publish","type":"page","link":"https:\/\/Walking.tv-badbergzabern.de\/","title":{"rendered":"Walking Home"},"content":{"rendered":"\t\t<div data-elementor-type=\"wp-page\" data-elementor-id=\"846\" class=\"elementor elementor-846\">\n\t\t\t\t<div class=\"elementor-element elementor-element-c52d358 e-con-full e-flex e-con e-parent\" data-id=\"c52d358\" data-element_type=\"container\" data-settings=\"{&quot;background_background&quot;:&quot;classic&quot;}\">\n\t\t<div class=\"elementor-element elementor-element-1209904 e-con-full e-flex e-con e-child\" data-id=\"1209904\" data-element_type=\"container\">\n\t\t\t\t<div class=\"elementor-element elementor-element-56a54da elementor-widget elementor-widget-html\" data-id=\"56a54da\" data-element_type=\"widget\" data-widget_type=\"html.default\">\n\t\t\t\t<div class=\"elementor-widget-container\">\n\t\t\t\t\t<!DOCTYPE html>\n<html lang=\"de\">\n<head>\n\t<meta charset=\"utf-8\">\n\t<title><\/title>\n<style>\n\t\t.Walking_frontPage_HL {\n\t\t\tfont-size: 4rem;\n\t\t\tfont-weight: bold; \n\t\t\tcolor: Yellow;\n\t\t\ttext-shadow: 5px 6px 4px #777;\n\t\t}\n<\/style>\n<\/head>\n   \n<body>\n\n<!--  -->\n<div class=\"Walking_frontPage_HL\">  \nWalking \/ Nordic Walking \n    \n<\/div>\t\t\t  \n\n<\/body>\n<\/html>\t\t\t\t<\/div>\n\t\t\t\t<\/div>\n\t\t\t\t<\/div>\n\t\t<div class=\"elementor-element elementor-element-b8cf41c e-con-full e-flex e-con e-child\" data-id=\"b8cf41c\" data-element_type=\"container\">\n\t\t\t\t<div class=\"elementor-element elementor-element-45edf19 elementor-widget elementor-widget-html\" data-id=\"45edf19\" data-element_type=\"widget\" data-widget_type=\"html.default\">\n\t\t\t\t<div class=\"elementor-widget-container\">\n\t\t\t\t\t<!DOCTYPE html>\n<html lang=\"de\">\n<head>\n\t<meta charset=\"utf-8\">\n\t<title><\/title>\n<style>\n      .Walking_Frontpage_Liste {\n\t\t\tfont-size: 3rem;\n\t\t\tfont-weight: bold; \n\t\t\tcolor: Yellow;\n         \n       }\n\t   \n\t   .Walking_Frontpage_Liste ul {\n\t   \n\t\t\t padding: 5px 10px 5px 0px\n\t\t\t list-style-type: disc;\n\t   }\n\t   \n\t   \n\t   .Walking_Frontpage_Liste li {\n\t\t\tpadding: 5px 5px 10px 5px\n\t   }\n\t   \n\t   \n\t   \n<\/style>\n<\/head>\n   \n<body>\n    <div class=\"Walking_Frontpage_Liste\">   \n<!--  -->\n<ul>\n  <li>F\u00fcr jedermann geeignet und schnell erlernbar<\/li>\n\t<li>verbessert die aerobe Ausdauer<\/li>\n\t<li>kr\u00e4ftigt die Rumpfmuskulatur<\/li>\n\t<li>erbessert die Herz-Kreislaufleistung<\/li>\n\t<li>macht in der Gruppe am meisten Spa\u00df<\/li>\n<ul>\n   \n   <\/div>\t\t\t  \n\n<\/body>\n<\/html>\n\t\t\t\t<\/div>\n\t\t\t\t<\/div>\n\t\t\t\t<\/div>\n\t\t\t\t<\/div>\n\t\t\t\t<\/div>\n\t\t","protected":false},"excerpt":{"rendered":"<p>Walking \/ Nordic Walking F\u00fcr jedermann geeignet und schnell erlernbar verbessert die aerobe Ausdauer kr\u00e4ftigt die Rumpfmuskulatur erbessert die Herz-Kreislaufleistung macht in der Gruppe am meisten Spa\u00df<\/p>\n","protected":false},"author":1,"featured_media":0,"parent":0,"menu_order":0,"comment_status":"closed","ping_status":"closed","template":"","meta":{"ocean_post_layout":"full-screen","ocean_both_sidebars_style":"","ocean_both_sidebars_content_width":0,"ocean_both_sidebars_sidebars_width":0,"ocean_sidebar":"","ocean_second_sidebar":"","ocean_disable_margins":"enable","ocean_add_body_class":"","ocean_shortcode_before_top_bar":"","ocean_shortcode_after_top_bar":"","ocean_shortcode_before_header":"","ocean_shortcode_after_header":"","ocean_has_shortcode":"","ocean_shortcode_after_title":"","ocean_shortcode_before_footer_widgets":"","ocean_shortcode_after_footer_widgets":"","ocean_shortcode_before_footer_bottom":"","ocean_shortcode_after_footer_bottom":"","ocean_display_top_bar":"off","ocean_display_header":"default","ocean_header_style":"","ocean_center_header_left_menu":"","ocean_custom_header_template":"","ocean_custom_logo":0,"ocean_custom_retina_logo":0,"ocean_custom_logo_max_width":0,"ocean_custom_logo_tablet_max_width":0,"ocean_custom_logo_mobile_max_width":0,"ocean_custom_logo_max_height":0,"ocean_custom_logo_tablet_max_height":0,"ocean_custom_logo_mobile_max_height":0,"ocean_header_custom_menu":"","ocean_menu_typo_font_family":"","ocean_menu_typo_font_subset":"","ocean_menu_typo_font_size":0,"ocean_menu_typo_font_size_tablet":0,"ocean_menu_typo_font_size_mobile":0,"ocean_menu_typo_font_size_unit":"px","ocean_menu_typo_font_weight":"","ocean_menu_typo_font_weight_tablet":"","ocean_menu_typo_font_weight_mobile":"","ocean_menu_typo_transform":"","ocean_menu_typo_transform_tablet":"","ocean_menu_typo_transform_mobile":"","ocean_menu_typo_line_height":0,"ocean_menu_typo_line_height_tablet":0,"ocean_menu_typo_line_height_mobile":0,"ocean_menu_typo_line_height_unit":"","ocean_menu_typo_spacing":0,"ocean_menu_typo_spacing_tablet":0,"ocean_menu_typo_spacing_mobile":0,"ocean_menu_typo_spacing_unit":"","ocean_menu_link_color":"","ocean_menu_link_color_hover":"","ocean_menu_link_color_active":"","ocean_menu_link_background":"","ocean_menu_link_hover_background":"","ocean_menu_link_active_background":"","ocean_menu_social_links_bg":"","ocean_menu_social_hover_links_bg":"","ocean_menu_social_links_color":"","ocean_menu_social_hover_links_color":"","ocean_disable_title":"on","ocean_disable_heading":"default","ocean_post_title":"","ocean_post_subheading":"","ocean_post_title_style":"","ocean_post_title_background_color":"","ocean_post_title_background":0,"ocean_post_title_bg_image_position":"","ocean_post_title_bg_image_attachment":"","ocean_post_title_bg_image_repeat":"","ocean_post_title_bg_image_size":"","ocean_post_title_height":0,"ocean_post_title_bg_overlay":0.5,"ocean_post_title_bg_overlay_color":"","ocean_disable_breadcrumbs":"default","ocean_breadcrumbs_color":"","ocean_breadcrumbs_separator_color":"","ocean_breadcrumbs_links_color":"","ocean_breadcrumbs_links_hover_color":"","ocean_display_footer_widgets":"off","ocean_display_footer_bottom":"off","ocean_custom_footer_template":"","footnotes":""},"class_list":["post-846","page","type-page","status-publish","hentry","entry"],"_links":{"self":[{"href":"https:\/\/Walking.tv-badbergzabern.de\/index.php?rest_route=\/wp\/v2\/pages\/846","targetHints":{"allow":["GET"]}}],"collection":[{"href":"https:\/\/Walking.tv-badbergzabern.de\/index.php?rest_route=\/wp\/v2\/pages"}],"about":[{"href":"https:\/\/Walking.tv-badbergzabern.de\/index.php?rest_route=\/wp\/v2\/types\/page"}],"author":[{"embeddable":true,"href":"https:\/\/Walking.tv-badbergzabern.de\/index.php?rest_route=\/wp\/v2\/users\/1"}],"replies":[{"embeddable":true,"href":"https:\/\/Walking.tv-badbergzabern.de\/index.php?rest_route=%2Fwp%2Fv2%2Fcomments&post=846"}],"version-history":[{"count":59,"href":"https:\/\/Walking.tv-badbergzabern.de\/index.php?rest_route=\/wp\/v2\/pages\/846\/revisions"}],"predecessor-version":[{"id":1397,"href":"https:\/\/Walking.tv-badbergzabern.de\/index.php?rest_route=\/wp\/v2\/pages\/846\/revisions\/1397"}],"wp:attachment":[{"href":"https:\/\/Walking.tv-badbergzabern.de\/index.php?rest_route=%2Fwp%2Fv2%2Fmedia&parent=846"}],"curies":[{"name":"wp","href":"https:\/\/api.w.org\/{rel}","templated":true}]}}